{"id":1639,"date":"2025-02-25T16:12:09","date_gmt":"2025-02-25T15:12:09","guid":{"rendered":"https:\/\/zahn-fine-krefeld.de\/zahnersatz-vollkeramik\/"},"modified":"2026-01-21T12:07:48","modified_gmt":"2026-01-21T11:07:48","slug":"zahnersatz-vollkeramik","status":"publish","type":"page","link":"https:\/\/www.zahn-fine-krefeld.de\/tr\/behandlungen\/zahnersatz-vollkeramik\/","title":{"rendered":"Di\u015f Protezleri &#8211; Tam Seramik Uygulamalar"},"content":{"rendered":"\t\t<div data-elementor-type=\"wp-post\" data-elementor-id=\"1639\" class=\"elementor elementor-1639 elementor-845\" data-elementor-settings=\"{&quot;element_pack_global_tooltip_width&quot;:{&quot;unit&quot;:&quot;px&quot;,&quot;size&quot;:&quot;&quot;,&quot;sizes&quot;:[]},&quot;element_pack_global_tooltip_width_laptop&quot;:{&quot;unit&quot;:&quot;px&quot;,&quot;size&quot;:&quot;&quot;,&quot;sizes&quot;:[]},&quot;element_pack_global_tooltip_width_tablet&quot;:{&quot;unit&quot;:&quot;px&quot;,&quot;size&quot;:&quot;&quot;,&quot;sizes&quot;:[]},&quot;element_pack_global_tooltip_width_mobile&quot;:{&quot;unit&quot;:&quot;px&quot;,&quot;size&quot;:&quot;&quot;,&quot;sizes&quot;:[]},&quot;element_pack_global_tooltip_padding&quot;:{&quot;unit&quot;:&quot;px&quot;,&quot;top&quot;:&quot;&quot;,&quot;right&quot;:&quot;&quot;,&quot;bottom&quot;:&quot;&quot;,&quot;left&quot;:&quot;&quot;,&quot;isLinked&quot;:true},&quot;element_pack_global_tooltip_padding_laptop&quot;:{&quot;unit&quot;:&quot;px&quot;,&quot;top&quot;:&quot;&quot;,&quot;right&quot;:&quot;&quot;,&quot;bottom&quot;:&quot;&quot;,&quot;left&quot;:&quot;&quot;,&quot;isLinked&quot;:true},&quot;element_pack_global_tooltip_padding_tablet&quot;:{&quot;unit&quot;:&quot;px&quot;,&quot;top&quot;:&quot;&quot;,&quot;right&quot;:&quot;&quot;,&quot;bottom&quot;:&quot;&quot;,&quot;left&quot;:&quot;&quot;,&quot;isLinked&quot;:true},&quot;element_pack_global_tooltip_padding_mobile&quot;:{&quot;unit&quot;:&quot;px&quot;,&quot;top&quot;:&quot;&quot;,&quot;right&quot;:&quot;&quot;,&quot;bottom&quot;:&quot;&quot;,&quot;left&quot;:&quot;&quot;,&quot;isLinked&quot;:true},&quot;element_pack_global_tooltip_border_radius&quot;:{&quot;unit&quot;:&quot;px&quot;,&quot;top&quot;:&quot;&quot;,&quot;right&quot;:&quot;&quot;,&quot;bottom&quot;:&quot;&quot;,&quot;left&quot;:&quot;&quot;,&quot;isLinked&quot;:true},&quot;element_pack_global_tooltip_border_radius_laptop&quot;:{&quot;unit&quot;:&quot;px&quot;,&quot;top&quot;:&quot;&quot;,&quot;right&quot;:&quot;&quot;,&quot;bottom&quot;:&quot;&quot;,&quot;left&quot;:&quot;&quot;,&quot;isLinked&quot;:true},&quot;element_pack_global_tooltip_border_radius_tablet&quot;:{&quot;unit&quot;:&quot;px&quot;,&quot;top&quot;:&quot;&quot;,&quot;right&quot;:&quot;&quot;,&quot;bottom&quot;:&quot;&quot;,&quot;left&quot;:&quot;&quot;,&quot;isLinked&quot;:true},&quot;element_pack_global_tooltip_border_radius_mobile&quot;:{&quot;unit&quot;:&quot;px&quot;,&quot;top&quot;:&quot;&quot;,&quot;right&quot;:&quot;&quot;,&quot;bottom&quot;:&quot;&quot;,&quot;left&quot;:&quot;&quot;,&quot;isLinked&quot;:true}}\" data-elementor-post-type=\"page\">\n\t\t\t\t\t\t<section class=\"elementor-section elementor-top-section elementor-element elementor-element-3473b11 elementor-section-boxed elementor-section-height-default elementor-section-height-default\" data-id=\"3473b11\" data-element_type=\"section\" data-e-type=\"section\">\n\t\t\t\t\t\t<div class=\"elementor-container elementor-column-gap-default\">\n\t\t\t\t\t<div class=\"aux-parallax-section elementor-column elementor-col-50 elementor-top-column elementor-element elementor-element-34a5527\" data-id=\"34a5527\" data-element_type=\"column\" data-e-type=\"column\">\n\t\t\t<div class=\"elementor-widget-wrap elementor-element-populated\">\n\t\t\t\t\t\t<div class=\"elementor-element elementor-element-b428f7e elementor-widget elementor-widget-heading\" data-id=\"b428f7e\" data-element_type=\"widget\" data-e-type=\"widget\" data-widget_type=\"heading.default\">\n\t\t\t\t\t<h1 class=\"elementor-heading-title elementor-size-default\">Tam Seramik<\/h1>\t\t\t\t<\/div>\n\t\t\t\t<div class=\"elementor-element elementor-element-14bec27 elementor-widget-divider--view-line elementor-invisible elementor-widget elementor-widget-divider\" data-id=\"14bec27\" data-element_type=\"widget\" data-e-type=\"widget\" data-settings=\"{&quot;_animation&quot;:&quot;fadeInLeft&quot;}\" data-widget_type=\"divider.default\">\n\t\t\t\t\t\t\t<div class=\"elementor-divider\">\n\t\t\t<span class=\"elementor-divider-separator\">\n\t\t\t\t\t\t<\/span>\n\t\t<\/div>\n\t\t\t\t\t\t<\/div>\n\t\t\t\t<div class=\"elementor-element elementor-element-824119a elementor-widget elementor-widget-heading\" data-id=\"824119a\" data-element_type=\"widget\" data-e-type=\"widget\" data-widget_type=\"heading.default\">\n\t\t\t\t\t<h2 class=\"elementor-heading-title elementor-size-default\">Tam Seramik Kronlar, K\u00f6pr\u00fcler ve Dolgular<\/h2>\t\t\t\t<\/div>\n\t\t\t\t<div class=\"elementor-element elementor-element-d768161 aux-appear-watch-animation aux-fade-in-up elementor-widget elementor-widget-text-editor\" data-id=\"d768161\" data-element_type=\"widget\" data-e-type=\"widget\" data-widget_type=\"text-editor.default\">\n\t\t\t\t\t\t\t\t\t<p>Tam seramik materyaller, yap\u0131lar\u0131 sayesinde do\u011fal di\u015f minesine olduk\u00e7a benziyor. Hafif \u015feffafl\u0131klar\u0131 sayesinde \u0131\u015f\u0131\u011f\u0131 alt katmanlara ge\u00e7iriyor ve di\u015fe do\u011fal bir \u0131\u015f\u0131lt\u0131 kat\u0131yor. Ancak buna ra\u011fmen, tam seramik kronlar h\u00e2l\u00e2 her zaman standart olarak tercih edilmiyor. Genellikle alt yap\u0131s\u0131nda metal bulunan kron ve k\u00f6pr\u00fcler kullan\u0131l\u0131yor. Bu da \u0131\u015f\u0131k ge\u00e7irgenli\u011fini bozdu\u011fu i\u00e7in di\u015fin grile\u015fmi\u015f ve donuk bir g\u00f6r\u00fcn\u00fcm almas\u0131na neden olabiliyor. Ayr\u0131ca zamanla di\u015f eti \u00e7ekilirse, metal alt yap\u0131n\u0131n koyu rengi kenarda belli olabiliyor \u2013 e\u011fer seramik kaplama di\u015f eti hizas\u0131n\u0131 ge\u00e7miyorsa.<\/p>\n<p>G\u00fcn\u00fcm\u00fczde geli\u015fmi\u015f malzemeler sayesinde art\u0131k k\u00f6pr\u00fcler bile tamamen seramikten \u00fcretilebiliyor. Bu restorasyonlar, do\u011fal di\u015f dizilimine kusursuz \u015fekilde uyum sa\u011fl\u0131yor ve profesyonel g\u00f6zler i\u00e7in bile ger\u00e7ek di\u015ften ay\u0131rt edilmesi olduk\u00e7a zorla\u015f\u0131yor. Seramik dolgular da estetik ve uzun \u00f6m\u00fcrl\u00fc \u00e7\u00f6z\u00fcmler sunuyor. Amalgam ya da kompozit dolgulardan farkl\u0131 olarak, tam seramik dolgular do\u011fal di\u015f rengine birebir uyum sa\u011fl\u0131yor ve v\u00fccut taraf\u0131ndan \u00e7ok iyi tolere ediliyor.<\/p>\n\t\t\t\t\t\t\t\t<\/div>\n\t\t\t\t\t<\/div>\n\t\t<\/div>\n\t\t\t\t<div class=\"aux-parallax-section elementor-column elementor-col-50 elementor-top-column elementor-element elementor-element-bb68e64\" data-id=\"bb68e64\" data-element_type=\"column\" data-e-type=\"column\">\n\t\t\t<div class=\"elementor-widget-wrap elementor-element-populated\">\n\t\t\t\t\t\t<div class=\"elementor-element elementor-element-26b1372 aux-appear-watch-animation aux-mask-from-right elementor-widget elementor-widget-aux_image\" data-id=\"26b1372\" data-element_type=\"widget\" data-e-type=\"widget\" data-widget_type=\"aux_image.default\">\n\t\t\t\t\t<section class=\"widget-container aux-widget-image aux-alignnone aux-parent-aud053c3df\">\n    <div class=\"aux-media-hint-frame \">\n        <div class=\"aux-media-image \" >\n        \n            \n\n            \n            <img fetchpriority=\"high\" decoding=\"async\" width=\"900\" height=\"600\" src=\"https:\/\/www.zahn-fine-krefeld.de\/wp-content\/uploads\/2025\/02\/iStock-500800304-web2.jpg\" class=\"aux-attachment aux-featured-image aux-attachment-id-830\" alt=\"iStock-500800304-web2\" data-ratio=\"1.5\" data-original-w=\"900\" \/>            \n                <\/div>\n    <\/div>\n\n<\/section><!-- widget-container -->\t\t\t\t<\/div>\n\t\t\t\t\t<\/div>\n\t\t<\/div>\n\t\t\t\t\t<\/div>\n\t\t<\/section>\n\t\t\t\t<section class=\"elementor-section elementor-top-section elementor-element elementor-element-3347bd6 elementor-section-boxed elementor-section-height-default elementor-section-height-default\" data-id=\"3347bd6\" data-element_type=\"section\" data-e-type=\"section\">\n\t\t\t\t\t\t<div class=\"elementor-container elementor-column-gap-default\">\n\t\t\t\t\t<div class=\"aux-parallax-section elementor-column elementor-col-100 elementor-top-column elementor-element elementor-element-df93b2e\" data-id=\"df93b2e\" data-element_type=\"column\" data-e-type=\"column\">\n\t\t\t<div class=\"elementor-widget-wrap elementor-element-populated\">\n\t\t\t\t\t\t<section class=\"elementor-section elementor-inner-section elementor-element elementor-element-15f4c6e elementor-section-content-bottom elementor-section-boxed elementor-section-height-default elementor-section-height-default\" data-id=\"15f4c6e\" data-element_type=\"section\" data-e-type=\"section\">\n\t\t\t\t\t\t<div class=\"elementor-container elementor-column-gap-default\">\n\t\t\t\t\t<div class=\"aux-parallax-section elementor-column elementor-col-50 elementor-inner-column elementor-element elementor-element-4cb4bf4 aux-appear-watch-animation aux-fade-in-right-1\" data-id=\"4cb4bf4\" data-element_type=\"column\" data-e-type=\"column\">\n\t\t\t<div class=\"elementor-widget-wrap elementor-element-populated\">\n\t\t\t\t\t\t<div class=\"elementor-element elementor-element-a124ab3 elementor-invisible elementor-widget elementor-widget-aux_modern_heading\" data-id=\"a124ab3\" data-element_type=\"widget\" data-e-type=\"widget\" data-settings=\"{&quot;_animation&quot;:&quot;fadeInLeft&quot;}\" data-widget_type=\"aux_modern_heading.default\">\n\t\t\t\t\t<section class=\"aux-widget-modern-heading\">\n            <div class=\"aux-widget-inner\"><h6 class=\"aux-modern-heading-primary\"><\/h6><h3 class=\"aux-modern-heading-secondary\"><span class=\"aux-head-before\">Estetik ve Fonksiyonun<br><\/span><span class=\"aux-head-highlight\"> M\u00fckemmel Uyumu<\/span><\/h3><\/div>\n        <\/section>\t\t\t\t<\/div>\n\t\t\t\t<div class=\"elementor-element elementor-element-2eca808 elementor-widget-divider--view-line elementor-widget elementor-widget-divider\" data-id=\"2eca808\" data-element_type=\"widget\" data-e-type=\"widget\" data-widget_type=\"divider.default\">\n\t\t\t\t\t\t\t<div class=\"elementor-divider\">\n\t\t\t<span class=\"elementor-divider-separator\">\n\t\t\t\t\t\t<\/span>\n\t\t<\/div>\n\t\t\t\t\t\t<\/div>\n\t\t\t\t\t<\/div>\n\t\t<\/div>\n\t\t\t\t<div class=\"aux-parallax-section elementor-column elementor-col-50 elementor-inner-column elementor-element elementor-element-f98b73e aux-appear-watch-animation aux-fade-in-right-1\" data-id=\"f98b73e\" data-element_type=\"column\" data-e-type=\"column\">\n\t\t\t<div class=\"elementor-widget-wrap elementor-element-populated\">\n\t\t\t\t\t\t<div class=\"elementor-element elementor-element-721c0af elementor-widget elementor-widget-text-editor\" data-id=\"721c0af\" data-element_type=\"widget\" data-e-type=\"widget\" data-widget_type=\"text-editor.default\">\n\t\t\t\t\t\t\t\t\t<p>Tam seramik uygulamalar\u0131n en b\u00fcy\u00fck avantajlar\u0131ndan biri \u00fcst\u00fcn estetik g\u00f6r\u00fcn\u00fcm sunmalar\u0131 oluyor. Do\u011fal di\u015f gibi \u0131\u015f\u0131\u011f\u0131 ge\u00e7iriyor ve \u015feffafl\u0131k sa\u011flad\u0131\u011f\u0131 i\u00e7in a\u011f\u0131zda olduk\u00e7a do\u011fal bir g\u00f6r\u00fcnt\u00fc olu\u015fturuyor.<\/p>\n<p>Ancak bu materyaller yaln\u0131zca estetik olarak de\u011fil, sa\u011fl\u0131k a\u00e7\u0131s\u0131ndan da avantaj sa\u011fl\u0131yor: Metal i\u00e7erikli di\u015f materyalleri zaman zaman alerjiye ya da toksik reaksiyonlara neden olabiliyor. Oysa tam seramik uygulamalar tamamen biyouyumlu oldu\u011fu i\u00e7in bu t\u00fcr riskler ta\u015f\u0131m\u0131yor. Bu sayede hem sa\u011fl\u0131kl\u0131 hem estetik hem de fonksiyonel bir sonu\u00e7 elde ediliyor.<\/p>\n<p>\u00d6zellikle k\u00fc\u00e7\u00fck \u00e7\u00fcr\u00fckler ya da k\u0131r\u0131klar gibi durumlarda seramik dolgular da olduk\u00e7a ideal bir se\u00e7enek olu\u015fturuyor. Kompozit dolgulardan farkl\u0131 olarak zamanla renk de\u011fi\u015ftirmiyor ve uzun s\u00fcre ilk g\u00fcnk\u00fc estetik g\u00f6r\u00fcn\u00fcm\u00fcn\u00fc koruyor.<\/p>\n\t\t\t\t\t\t\t\t<\/div>\n\t\t\t\t\t<\/div>\n\t\t<\/div>\n\t\t\t\t\t<\/div>\n\t\t<\/section>\n\t\t\t\t\t<\/div>\n\t\t<\/div>\n\t\t\t\t\t<\/div>\n\t\t<\/section>\n\t\t\t\t<section class=\"elementor-section elementor-top-section elementor-element elementor-element-171ce48 elementor-section-height-min-height elementor-section-boxed elementor-section-height-default elementor-section-items-middle\" data-id=\"171ce48\" data-element_type=\"section\" data-e-type=\"section\" data-settings=\"{&quot;background_background&quot;:&quot;classic&quot;}\">\n\t\t\t\t\t\t<div class=\"elementor-container elementor-column-gap-default\">\n\t\t\t\t\t<div class=\"aux-parallax-section elementor-column elementor-col-100 elementor-top-column elementor-element elementor-element-faeacbc\" data-id=\"faeacbc\" data-element_type=\"column\" data-e-type=\"column\">\n\t\t\t<div class=\"elementor-widget-wrap\">\n\t\t\t\t\t\t\t<\/div>\n\t\t<\/div>\n\t\t\t\t\t<\/div>\n\t\t<\/section>\n\t\t\t\t<section class=\"elementor-section elementor-top-section elementor-element elementor-element-87c81ad elementor-section-boxed elementor-section-height-default elementor-section-height-default\" data-id=\"87c81ad\" data-element_type=\"section\" data-e-type=\"section\">\n\t\t\t\t\t\t<div class=\"elementor-container elementor-column-gap-default\">\n\t\t\t\t\t<div class=\"aux-parallax-section elementor-column elementor-col-100 elementor-top-column elementor-element elementor-element-d527d76\" data-id=\"d527d76\" data-element_type=\"column\" data-e-type=\"column\">\n\t\t\t<div class=\"elementor-widget-wrap elementor-element-populated\">\n\t\t\t\t\t\t<section class=\"elementor-section elementor-inner-section elementor-element elementor-element-f0c8b34 elementor-section-content-bottom elementor-section-boxed elementor-section-height-default elementor-section-height-default\" data-id=\"f0c8b34\" data-element_type=\"section\" data-e-type=\"section\">\n\t\t\t\t\t\t<div class=\"elementor-container elementor-column-gap-default\">\n\t\t\t\t\t<div class=\"aux-parallax-section elementor-column elementor-col-50 elementor-inner-column elementor-element elementor-element-5efa46f aux-appear-watch-animation aux-fade-in-right-1\" data-id=\"5efa46f\" data-element_type=\"column\" data-e-type=\"column\">\n\t\t\t<div class=\"elementor-widget-wrap elementor-element-populated\">\n\t\t\t\t\t\t<div class=\"elementor-element elementor-element-dd0022e elementor-invisible elementor-widget elementor-widget-aux_modern_heading\" data-id=\"dd0022e\" data-element_type=\"widget\" data-e-type=\"widget\" data-settings=\"{&quot;_animation&quot;:&quot;fadeInLeft&quot;}\" data-widget_type=\"aux_modern_heading.default\">\n\t\t\t\t\t<section class=\"aux-widget-modern-heading\">\n            <div class=\"aux-widget-inner\"><h6 class=\"aux-modern-heading-primary\"><\/h6><h3 class=\"aux-modern-heading-secondary\"><span class=\"aux-head-before\">Zirkonyum \u2013 En Y\u00fcksek Standartlar <br><\/span><span class=\"aux-head-highlight\"> \u0130\u00e7in Y\u00fcksek Teknoloji Serami\u011fi<\/span><\/h3><\/div>\n        <\/section>\t\t\t\t<\/div>\n\t\t\t\t<div class=\"elementor-element elementor-element-1a58abc elementor-widget-divider--view-line elementor-widget elementor-widget-divider\" data-id=\"1a58abc\" data-element_type=\"widget\" data-e-type=\"widget\" data-widget_type=\"divider.default\">\n\t\t\t\t\t\t\t<div class=\"elementor-divider\">\n\t\t\t<span class=\"elementor-divider-separator\">\n\t\t\t\t\t\t<\/span>\n\t\t<\/div>\n\t\t\t\t\t\t<\/div>\n\t\t\t\t\t<\/div>\n\t\t<\/div>\n\t\t\t\t<div class=\"aux-parallax-section elementor-column elementor-col-50 elementor-inner-column elementor-element elementor-element-7958628 aux-appear-watch-animation aux-fade-in-right-1\" data-id=\"7958628\" data-element_type=\"column\" data-e-type=\"column\">\n\t\t\t<div class=\"elementor-widget-wrap elementor-element-populated\">\n\t\t\t\t\t\t<div class=\"elementor-element elementor-element-14cea2e elementor-widget elementor-widget-text-editor\" data-id=\"14cea2e\" data-element_type=\"widget\" data-e-type=\"widget\" data-widget_type=\"text-editor.default\">\n\t\t\t\t\t\t\t\t\t<p>Zirkonyum oksit (zirkon), dayan\u0131kl\u0131l\u0131\u011f\u0131 ve estetik uyumuyla \u00f6ne \u00e7\u0131kan \u00f6zel bir seramik t\u00fcr\u00fc olarak di\u015f hekimli\u011finde yayg\u0131n olarak kullan\u0131l\u0131yor. Sanayide de uzun s\u00fcredir ba\u015far\u0131yla kullan\u0131lan bu materyal, di\u015f tedavilerinde yeni olanaklar sunuyor.<br \/>Zirkonyum; dayan\u0131kl\u0131l\u0131k, estetik ve stabiliteyi bir arada sunarak \u00f6zellikle arka di\u015f b\u00f6lgesindeki y\u00fcksek \u00e7i\u011fneme y\u00fcklerine kar\u015f\u0131 g\u00fc\u00e7l\u00fc bir \u00e7\u00f6z\u00fcm olu\u015fturuyor.<\/p>\n\t\t\t\t\t\t\t\t<\/div>\n\t\t\t\t<div class=\"elementor-element elementor-element-fe84272 elementor-icon-list--layout-traditional elementor-list-item-link-full_width elementor-widget elementor-widget-icon-list\" data-id=\"fe84272\" data-element_type=\"widget\" data-e-type=\"widget\" data-widget_type=\"icon-list.default\">\n\t\t\t\t\t\t\t<ul class=\"elementor-icon-list-items\">\n\t\t\t\t\t\t\t<li class=\"elementor-icon-list-item\">\n\t\t\t\t\t\t\t\t\t\t<span class=\"elementor-icon-list-text\">Zirkonyumun Avantajlar\u0131:<\/span>\n\t\t\t\t\t\t\t\t\t<\/li>\n\t\t\t\t\t\t<\/ul>\n\t\t\t\t\t\t<\/div>\n\t\t\t\t<div class=\"elementor-element elementor-element-8e21014 elementor-icon-list--layout-traditional elementor-list-item-link-full_width elementor-widget elementor-widget-icon-list\" data-id=\"8e21014\" data-element_type=\"widget\" data-e-type=\"widget\" data-widget_type=\"icon-list.default\">\n\t\t\t\t\t\t\t<ul class=\"elementor-icon-list-items\">\n\t\t\t\t\t\t\t<li class=\"elementor-icon-list-item\">\n\t\t\t\t\t\t\t\t\t\t\t<span class=\"elementor-icon-list-icon\">\n\t\t\t\t\t\t\t<i aria-hidden=\"true\" class=\"far fa-check-circle\"><\/i>\t\t\t\t\t\t<\/span>\n\t\t\t\t\t\t\t\t\t\t<span class=\"elementor-icon-list-text\">Biyouyumluluk: Doku dostu, \u00e7\u00f6z\u00fcnmeyen ve bilinen hi\u00e7bir alerjik reaksiyona neden olmayan bir materyal. D\u00fc\u015f\u00fck \u0131s\u0131 iletkenli\u011fi sayesinde hassasiyet riskini en aza indiriyor ve konforlu bir kullan\u0131m sa\u011fl\u0131yor.<\/span>\n\t\t\t\t\t\t\t\t\t<\/li>\n\t\t\t\t\t\t\t\t<li class=\"elementor-icon-list-item\">\n\t\t\t\t\t\t\t\t\t\t\t<span class=\"elementor-icon-list-icon\">\n\t\t\t\t\t\t\t<i aria-hidden=\"true\" class=\"far fa-check-circle\"><\/i>\t\t\t\t\t\t<\/span>\n\t\t\t\t\t\t\t\t\t\t<span class=\"elementor-icon-list-text\">Y\u00fcksek dayan\u0131kl\u0131l\u0131k: 1300 MPa\u2019y\u0131 a\u015fan e\u011filme direnci ve \u00e7atlaklara kar\u015f\u0131 y\u00fcksek diren\u00e7 sayesinde, ince ve zarif tasar\u0131mlarda bile \u00fcst d\u00fczey dayan\u0131kl\u0131l\u0131k sunuyor.<\/span>\n\t\t\t\t\t\t\t\t\t<\/li>\n\t\t\t\t\t\t\t\t<li class=\"elementor-icon-list-item\">\n\t\t\t\t\t\t\t\t\t\t\t<span class=\"elementor-icon-list-icon\">\n\t\t\t\t\t\t\t<i aria-hidden=\"true\" class=\"far fa-check-circle\"><\/i>\t\t\t\t\t\t<\/span>\n\t\t\t\t\t\t\t\t\t\t<span class=\"elementor-icon-list-text\">Do\u011fal estetik: Zirkonyum, do\u011fal di\u015f rengini birebir taklit edebildi\u011fi i\u00e7in estetik a\u00e7\u0131dan neredeyse g\u00f6r\u00fcnmez restorasyonlar sa\u011fl\u0131yor.<\/span>\n\t\t\t\t\t\t\t\t\t<\/li>\n\t\t\t\t\t\t<\/ul>\n\t\t\t\t\t\t<\/div>\n\t\t\t\t<div class=\"elementor-element elementor-element-c79b7d1 elementor-widget elementor-widget-text-editor\" data-id=\"c79b7d1\" data-element_type=\"widget\" data-e-type=\"widget\" data-widget_type=\"text-editor.default\">\n\t\t\t\t\t\t\t\t\t<p>T\u00fcm bu \u00fcst\u00fcn \u00f6zellikleri sayesinde tam seramik (\u00f6zellikle zirkonyum bazl\u0131 uygulamalar) estetik, sa\u011fl\u0131k ve uzun \u00f6m\u00fcrl\u00fcl\u00fc\u011f\u00fc bir arada isteyen hastalar i\u00e7in ideal bir se\u00e7enek olu\u015fturuyor.<br \/>E\u011fer siz de uzun \u00f6m\u00fcrl\u00fc, do\u011fal g\u00f6r\u00fcn\u00fcml\u00fc ve sa\u011fl\u0131kl\u0131 bir \u00e7\u00f6z\u00fcm ar\u0131yorsan\u0131z, Gelsenkirchen\u2019deki di\u015f klini\u011fimiz ZahnFine ekibiyle diledi\u011finiz zaman ileti\u015fime ge\u00e7erek size en uygun tam seramik se\u00e7enekleri hakk\u0131nda detayl\u0131 bilgi alabiliyorsunuz.<\/p>\n\t\t\t\t\t\t\t\t<\/div>\n\t\t\t\t\t<\/div>\n\t\t<\/div>\n\t\t\t\t\t<\/div>\n\t\t<\/section>\n\t\t\t\t<section class=\"elementor-section elementor-inner-section elementor-element elementor-element-bf2d2af elementor-section-content-bottom elementor-section-boxed elementor-section-height-default elementor-section-height-default\" data-id=\"bf2d2af\" data-element_type=\"section\" data-e-type=\"section\">\n\t\t\t\t\t\t<div class=\"elementor-container elementor-column-gap-default\">\n\t\t\t\t\t<div class=\"aux-parallax-section elementor-column elementor-col-50 elementor-inner-column elementor-element elementor-element-df8b245 aux-appear-watch-animation aux-fade-in-right-1\" data-id=\"df8b245\" data-element_type=\"column\" data-e-type=\"column\">\n\t\t\t<div class=\"elementor-widget-wrap elementor-element-populated\">\n\t\t\t\t\t\t<div class=\"elementor-element elementor-element-df27597 elementor-invisible elementor-widget elementor-widget-aux_modern_heading\" data-id=\"df27597\" data-element_type=\"widget\" data-e-type=\"widget\" data-settings=\"{&quot;_animation&quot;:&quot;fadeInLeft&quot;}\" data-widget_type=\"aux_modern_heading.default\">\n\t\t\t\t\t<section class=\"aux-widget-modern-heading\">\n            <div class=\"aux-widget-inner\"><h6 class=\"aux-modern-heading-primary\"><\/h6><h3 class=\"aux-modern-heading-secondary\"><span class=\"aux-head-before\">Krefeld\u2019\u00dfdeki di\u015f hekiminizde<\/span><\/h3><\/div>\n        <\/section>\t\t\t\t<\/div>\n\t\t\t\t<div class=\"elementor-element elementor-element-dc34d9b elementor-invisible elementor-widget elementor-widget-aux_modern_heading\" data-id=\"dc34d9b\" data-element_type=\"widget\" data-e-type=\"widget\" data-settings=\"{&quot;_animation&quot;:&quot;fadeInLeft&quot;}\" data-widget_type=\"aux_modern_heading.default\">\n\t\t\t\t\t<section class=\"aux-widget-modern-heading\">\n            <div class=\"aux-widget-inner\"><h6 class=\"aux-modern-heading-primary\"><\/h6><h3 class=\"aux-modern-heading-secondary\"><span class=\"aux-head-before\">t\u00fcm seramikler<\/span><\/h3><\/div>\n        <\/section>\t\t\t\t<\/div>\n\t\t\t\t<div class=\"elementor-element elementor-element-9c77c73 elementor-widget-divider--view-line elementor-widget elementor-widget-divider\" data-id=\"9c77c73\" data-element_type=\"widget\" data-e-type=\"widget\" data-widget_type=\"divider.default\">\n\t\t\t\t\t\t\t<div class=\"elementor-divider\">\n\t\t\t<span class=\"elementor-divider-separator\">\n\t\t\t\t\t\t<\/span>\n\t\t<\/div>\n\t\t\t\t\t\t<\/div>\n\t\t\t\t\t<\/div>\n\t\t<\/div>\n\t\t\t\t<div class=\"aux-parallax-section elementor-column elementor-col-50 elementor-inner-column elementor-element elementor-element-0071848 aux-appear-watch-animation aux-fade-in-right-1\" data-id=\"0071848\" data-element_type=\"column\" data-e-type=\"column\">\n\t\t\t<div class=\"elementor-widget-wrap elementor-element-populated\">\n\t\t\t\t\t\t<div class=\"elementor-element elementor-element-9fa76e0 elementor-widget elementor-widget-text-editor\" data-id=\"9fa76e0\" data-element_type=\"widget\" data-e-type=\"widget\" data-widget_type=\"text-editor.default\">\n\t\t\t\t\t\t\t\t\t<p>T\u00fcm bu \u00fcst\u00fcn \u00f6zellikleri sayesinde tam seramik (\u00f6zellikle zirkonyum bazl\u0131 uygulamalar) estetik, sa\u011fl\u0131k ve uzun \u00f6m\u00fcrl\u00fcl\u00fc\u011f\u00fc bir arada isteyen hastalar i\u00e7in ideal bir se\u00e7enek olu\u015fturuyor.<br \/>E\u011fer siz de uzun \u00f6m\u00fcrl\u00fc, do\u011fal g\u00f6r\u00fcn\u00fcml\u00fc ve sa\u011fl\u0131kl\u0131 bir \u00e7\u00f6z\u00fcm ar\u0131yorsan\u0131z, Herne\u2019deki di\u015f klini\u011fimiz ZahnFine ekibiyle diledi\u011finiz zaman ileti\u015fime ge\u00e7erek size en uygun tam seramik se\u00e7enekleri hakk\u0131nda detayl\u0131 bilgi alabiliyorsunuz.<\/p>\t\t\t\t\t\t\t\t<\/div>\n\t\t\t\t\t<\/div>\n\t\t<\/div>\n\t\t\t\t\t<\/div>\n\t\t<\/section>\n\t\t\t\t\t<\/div>\n\t\t<\/div>\n\t\t\t\t\t<\/div>\n\t\t<\/section>\n\t\t\t\t<section class=\"elementor-section elementor-top-section elementor-element elementor-element-679db42 elementor-section-boxed elementor-section-height-default elementor-section-height-default\" data-id=\"679db42\" data-element_type=\"section\" data-e-type=\"section\">\n\t\t\t\t\t\t<div class=\"elementor-container elementor-column-gap-default\">\n\t\t\t\t\t<div class=\"aux-parallax-section elementor-column elementor-col-100 elementor-top-column elementor-element elementor-element-1630720\" data-id=\"1630720\" data-element_type=\"column\" data-e-type=\"column\">\n\t\t\t<div class=\"elementor-widget-wrap elementor-element-populated\">\n\t\t\t\t\t\t<div class=\"elementor-element elementor-element-86bcfd0 elementor-widget elementor-widget-aux_button\" data-id=\"86bcfd0\" data-element_type=\"widget\" data-e-type=\"widget\" data-widget_type=\"aux_button.default\">\n\t\t\t\t\t<a  href=\"https:\/\/www.zahn-fine-krefeld.de\/tr\/iletisim-krefeld\/\" target=\"_self\"   class=\"aux-button aux-medium aux-carmine-pink aux-curve aux-none aux-uppercase\" ><span class=\"aux-overlay\"><\/span><span class=\"aux-text\">randevu alin<\/span><\/a>\t\t\t\t<\/div>\n\t\t\t\t\t<\/div>\n\t\t<\/div>\n\t\t\t\t\t<\/div>\n\t\t<\/section>\n\t\t\t\t<\/div>\n\t\t","protected":false},"excerpt":{"rendered":"<p>Tam Seramik Tam Seramik Kronlar, K\u00f6pr\u00fcler ve Dolgular Tam seramik materyaller, yap\u0131lar\u0131 sayesinde do\u011fal di\u015f minesine olduk\u00e7a benziyor. Hafif \u015feffafl\u0131klar\u0131 sayesinde \u0131\u015f\u0131\u011f\u0131 alt katmanlara ge\u00e7iriyor ve di\u015fe do\u011fal bir \u0131\u015f\u0131lt\u0131 kat\u0131yor. Ancak buna ra\u011fmen, tam seramik kronlar h\u00e2l\u00e2 her zaman standart olarak tercih edilmiyor. Genellikle alt yap\u0131s\u0131nda metal bulunan kron ve k\u00f6pr\u00fcler kullan\u0131l\u0131yor. Bu da [&hellip;]<\/p>\n","protected":false},"author":1,"featured_media":0,"parent":1652,"menu_order":0,"comment_status":"closed","ping_status":"closed","template":"","meta":{"footnotes":""},"class_list":["post-1639","page","type-page","status-publish","hentry"],"_links":{"self":[{"href":"https:\/\/www.zahn-fine-krefeld.de\/tr\/wp-json\/wp\/v2\/pages\/1639","targetHints":{"allow":["GET"]}}],"collection":[{"href":"https:\/\/www.zahn-fine-krefeld.de\/tr\/wp-json\/wp\/v2\/pages"}],"about":[{"href":"https:\/\/www.zahn-fine-krefeld.de\/tr\/wp-json\/wp\/v2\/types\/page"}],"author":[{"embeddable":true,"href":"https:\/\/www.zahn-fine-krefeld.de\/tr\/wp-json\/wp\/v2\/users\/1"}],"replies":[{"embeddable":true,"href":"https:\/\/www.zahn-fine-krefeld.de\/tr\/wp-json\/wp\/v2\/comments?post=1639"}],"version-history":[{"count":17,"href":"https:\/\/www.zahn-fine-krefeld.de\/tr\/wp-json\/wp\/v2\/pages\/1639\/revisions"}],"predecessor-version":[{"id":3047,"href":"https:\/\/www.zahn-fine-krefeld.de\/tr\/wp-json\/wp\/v2\/pages\/1639\/revisions\/3047"}],"up":[{"embeddable":true,"href":"https:\/\/www.zahn-fine-krefeld.de\/tr\/wp-json\/wp\/v2\/pages\/1652"}],"wp:attachment":[{"href":"https:\/\/www.zahn-fine-krefeld.de\/tr\/wp-json\/wp\/v2\/media?parent=1639"}],"curies":[{"name":"wp","href":"https:\/\/api.w.org\/{rel}","templated":true}]}}