{"id":1651,"date":"2024-12-13T17:58:35","date_gmt":"2024-12-13T16:58:35","guid":{"rendered":"https:\/\/zahn-fine-krefeld.de\/impressum\/"},"modified":"2026-03-31T17:00:45","modified_gmt":"2026-03-31T15:00:45","slug":"impressum","status":"publish","type":"page","link":"https:\/\/www.zahn-fine-krefeld.de\/tr\/impressum\/","title":{"rendered":"Impressum"},"content":{"rendered":"\t\t<div data-elementor-type=\"wp-page\" data-elementor-id=\"1651\" class=\"elementor elementor-1651 elementor-291\" data-elementor-settings=\"{&quot;element_pack_global_tooltip_width&quot;:{&quot;unit&quot;:&quot;px&quot;,&quot;size&quot;:&quot;&quot;,&quot;sizes&quot;:[]},&quot;element_pack_global_tooltip_width_laptop&quot;:{&quot;unit&quot;:&quot;px&quot;,&quot;size&quot;:&quot;&quot;,&quot;sizes&quot;:[]},&quot;element_pack_global_tooltip_width_tablet&quot;:{&quot;unit&quot;:&quot;px&quot;,&quot;size&quot;:&quot;&quot;,&quot;sizes&quot;:[]},&quot;element_pack_global_tooltip_width_mobile&quot;:{&quot;unit&quot;:&quot;px&quot;,&quot;size&quot;:&quot;&quot;,&quot;sizes&quot;:[]},&quot;element_pack_global_tooltip_padding&quot;:{&quot;unit&quot;:&quot;px&quot;,&quot;top&quot;:&quot;&quot;,&quot;right&quot;:&quot;&quot;,&quot;bottom&quot;:&quot;&quot;,&quot;left&quot;:&quot;&quot;,&quot;isLinked&quot;:true},&quot;element_pack_global_tooltip_padding_laptop&quot;:{&quot;unit&quot;:&quot;px&quot;,&quot;top&quot;:&quot;&quot;,&quot;right&quot;:&quot;&quot;,&quot;bottom&quot;:&quot;&quot;,&quot;left&quot;:&quot;&quot;,&quot;isLinked&quot;:true},&quot;element_pack_global_tooltip_padding_tablet&quot;:{&quot;unit&quot;:&quot;px&quot;,&quot;top&quot;:&quot;&quot;,&quot;right&quot;:&quot;&quot;,&quot;bottom&quot;:&quot;&quot;,&quot;left&quot;:&quot;&quot;,&quot;isLinked&quot;:true},&quot;element_pack_global_tooltip_padding_mobile&quot;:{&quot;unit&quot;:&quot;px&quot;,&quot;top&quot;:&quot;&quot;,&quot;right&quot;:&quot;&quot;,&quot;bottom&quot;:&quot;&quot;,&quot;left&quot;:&quot;&quot;,&quot;isLinked&quot;:true},&quot;element_pack_global_tooltip_border_radius&quot;:{&quot;unit&quot;:&quot;px&quot;,&quot;top&quot;:&quot;&quot;,&quot;right&quot;:&quot;&quot;,&quot;bottom&quot;:&quot;&quot;,&quot;left&quot;:&quot;&quot;,&quot;isLinked&quot;:true},&quot;element_pack_global_tooltip_border_radius_laptop&quot;:{&quot;unit&quot;:&quot;px&quot;,&quot;top&quot;:&quot;&quot;,&quot;right&quot;:&quot;&quot;,&quot;bottom&quot;:&quot;&quot;,&quot;left&quot;:&quot;&quot;,&quot;isLinked&quot;:true},&quot;element_pack_global_tooltip_border_radius_tablet&quot;:{&quot;unit&quot;:&quot;px&quot;,&quot;top&quot;:&quot;&quot;,&quot;right&quot;:&quot;&quot;,&quot;bottom&quot;:&quot;&quot;,&quot;left&quot;:&quot;&quot;,&quot;isLinked&quot;:true},&quot;element_pack_global_tooltip_border_radius_mobile&quot;:{&quot;unit&quot;:&quot;px&quot;,&quot;top&quot;:&quot;&quot;,&quot;right&quot;:&quot;&quot;,&quot;bottom&quot;:&quot;&quot;,&quot;left&quot;:&quot;&quot;,&quot;isLinked&quot;:true}}\" data-elementor-post-type=\"page\">\n\t\t\t\t\t\t<section class=\"elementor-section elementor-top-section elementor-element elementor-element-7030b91 elementor-section-boxed elementor-section-height-default elementor-section-height-default\" data-id=\"7030b91\" data-element_type=\"section\" data-e-type=\"section\">\n\t\t\t\t\t\t<div class=\"elementor-container elementor-column-gap-default\">\n\t\t\t\t\t<div class=\"aux-parallax-section elementor-column elementor-col-100 elementor-top-column elementor-element elementor-element-3e687b5\" data-id=\"3e687b5\" data-element_type=\"column\" data-e-type=\"column\">\n\t\t\t<div class=\"elementor-widget-wrap elementor-element-populated\">\n\t\t\t\t\t\t<div class=\"elementor-element elementor-element-470fe63 elementor-widget elementor-widget-heading\" data-id=\"470fe63\" data-element_type=\"widget\" data-e-type=\"widget\" data-widget_type=\"heading.default\">\n\t\t\t\t\t<h2 class=\"elementor-heading-title elementor-size-default\">Impressum<\/h2>\t\t\t\t<\/div>\n\t\t\t\t<div class=\"elementor-element elementor-element-f9170b7 elementor-widget elementor-widget-text-editor\" data-id=\"f9170b7\" data-element_type=\"widget\" data-e-type=\"widget\" data-widget_type=\"text-editor.default\">\n\t\t\t\t\t\t\t\t\t<p>ZAHNFINE Zahnmedizinisches Versorgungszentrum GmbH<br \/>Bahnhof Stra\u00dfe 70-72<br \/>45879 Gelsenkirchen<\/p><p>ZAHNFINE Praxis Gelsenkirchen<br \/>Bahnhof Stra\u00dfe 70-72<br \/>45879 Gelsenkirchen<br \/>verwaltung-ge@zahn-fine.de<\/p><p>ZAHNFINE Kids<br \/>Bahnhof Stra\u00dfe 68<br \/>45879 Gelsenkirchen<br \/>kids@zahn-fine.de<\/p><p>ZAHNFINE Praxis Herne<br \/>Horsthauser Str. 15<br \/>44628 Herne<br \/>+49 2323 965 3333<br \/>verwaltung-he@zahn-fine.de<\/p><p>ZAHNFINE Praxis Krefeld<br \/>Am Ostwall 57<br \/>47798 Krefeld<br \/>+49 2151 &#8211; 33252<br \/>verwaltung-kr@zahn-fine.de<\/p><p>Handelsregister: HRB1878<br \/>Registergericht: Amtsgericht Gelsenkirchen<\/p><p><strong>Vertreten durch:<\/strong><br \/>Dr. med. dent. Masoud Rashidi<\/p><h2>Kontakt<\/h2><p>Telefon: +49 209 207177<br \/>E-Mail: verwaltung-ge@zahn-fine.de<\/p><h2>Redaktionell verantwortlich<\/h2><p>Dr. med. dent. Masoud Rashidi<\/p><h2>Verbraucher\u00adstreit\u00adbeilegung\/Universal\u00adschlichtungs\u00adstelle<\/h2><p>Wir sind nicht bereit oder verpflichtet, an Streitbeilegungsverfahren vor einer Verbraucherschlichtungsstelle teilzunehmen.<\/p>\t\t\t\t\t\t\t\t<\/div>\n\t\t\t\t\t<\/div>\n\t\t<\/div>\n\t\t\t\t\t<\/div>\n\t\t<\/section>\n\t\t\t\t<\/div>\n\t\t","protected":false},"excerpt":{"rendered":"<p>Impressum ZAHNFINE Zahnmedizinisches Versorgungszentrum GmbHBahnhof Stra\u00dfe 70-7245879 Gelsenkirchen ZAHNFINE Praxis GelsenkirchenBahnhof Stra\u00dfe 70-7245879 Gelsenkirchenverwaltung-ge@zahn-fine.de ZAHNFINE KidsBahnhof Stra\u00dfe 6845879 Gelsenkirchenkids@zahn-fine.de ZAHNFINE Praxis HerneHorsthauser Str. 1544628 Herne+49 2323 965 3333verwaltung-he@zahn-fine.de ZAHNFINE Praxis KrefeldAm Ostwall 5747798 Krefeld+49 2151 &#8211; 33252verwaltung-kr@zahn-fine.de Handelsregister: HRB1878Registergericht: Amtsgericht Gelsenkirchen Vertreten durch:Dr. med. dent. Masoud Rashidi Kontakt Telefon: +49 209 207177E-Mail: verwaltung-ge@zahn-fine.de Redaktionell verantwortlich [&hellip;]<\/p>\n","protected":false},"author":1,"featured_media":0,"parent":0,"menu_order":0,"comment_status":"closed","ping_status":"closed","template":"","meta":{"footnotes":""},"class_list":["post-1651","page","type-page","status-publish","hentry"],"_links":{"self":[{"href":"https:\/\/www.zahn-fine-krefeld.de\/tr\/wp-json\/wp\/v2\/pages\/1651","targetHints":{"allow":["GET"]}}],"collection":[{"href":"https:\/\/www.zahn-fine-krefeld.de\/tr\/wp-json\/wp\/v2\/pages"}],"about":[{"href":"https:\/\/www.zahn-fine-krefeld.de\/tr\/wp-json\/wp\/v2\/types\/page"}],"author":[{"embeddable":true,"href":"https:\/\/www.zahn-fine-krefeld.de\/tr\/wp-json\/wp\/v2\/users\/1"}],"replies":[{"embeddable":true,"href":"https:\/\/www.zahn-fine-krefeld.de\/tr\/wp-json\/wp\/v2\/comments?post=1651"}],"version-history":[{"count":24,"href":"https:\/\/www.zahn-fine-krefeld.de\/tr\/wp-json\/wp\/v2\/pages\/1651\/revisions"}],"predecessor-version":[{"id":3077,"href":"https:\/\/www.zahn-fine-krefeld.de\/tr\/wp-json\/wp\/v2\/pages\/1651\/revisions\/3077"}],"wp:attachment":[{"href":"https:\/\/www.zahn-fine-krefeld.de\/tr\/wp-json\/wp\/v2\/media?parent=1651"}],"curies":[{"name":"wp","href":"https:\/\/api.w.org\/{rel}","templated":true}]}}