{"id":1655,"date":"2018-08-10T08:09:41","date_gmt":"2018-08-10T06:09:41","guid":{"rendered":"https:\/\/zahn-fine-krefeld.de\/informationen\/"},"modified":"2026-01-21T11:57:12","modified_gmt":"2026-01-21T10:57:12","slug":"informationen","status":"publish","type":"page","link":"https:\/\/www.zahn-fine-krefeld.de\/tr\/informationen\/","title":{"rendered":"Bilgilendirme"},"content":{"rendered":"\t\t<div data-elementor-type=\"wp-post\" data-elementor-id=\"1655\" class=\"elementor elementor-1655 elementor-219\" data-elementor-settings=\"{&quot;element_pack_global_tooltip_width&quot;:{&quot;unit&quot;:&quot;px&quot;,&quot;size&quot;:&quot;&quot;,&quot;sizes&quot;:[]},&quot;element_pack_global_tooltip_width_laptop&quot;:{&quot;unit&quot;:&quot;px&quot;,&quot;size&quot;:&quot;&quot;,&quot;sizes&quot;:[]},&quot;element_pack_global_tooltip_width_tablet&quot;:{&quot;unit&quot;:&quot;px&quot;,&quot;size&quot;:&quot;&quot;,&quot;sizes&quot;:[]},&quot;element_pack_global_tooltip_width_mobile&quot;:{&quot;unit&quot;:&quot;px&quot;,&quot;size&quot;:&quot;&quot;,&quot;sizes&quot;:[]},&quot;element_pack_global_tooltip_padding&quot;:{&quot;unit&quot;:&quot;px&quot;,&quot;top&quot;:&quot;&quot;,&quot;right&quot;:&quot;&quot;,&quot;bottom&quot;:&quot;&quot;,&quot;left&quot;:&quot;&quot;,&quot;isLinked&quot;:true},&quot;element_pack_global_tooltip_padding_laptop&quot;:{&quot;unit&quot;:&quot;px&quot;,&quot;top&quot;:&quot;&quot;,&quot;right&quot;:&quot;&quot;,&quot;bottom&quot;:&quot;&quot;,&quot;left&quot;:&quot;&quot;,&quot;isLinked&quot;:true},&quot;element_pack_global_tooltip_padding_tablet&quot;:{&quot;unit&quot;:&quot;px&quot;,&quot;top&quot;:&quot;&quot;,&quot;right&quot;:&quot;&quot;,&quot;bottom&quot;:&quot;&quot;,&quot;left&quot;:&quot;&quot;,&quot;isLinked&quot;:true},&quot;element_pack_global_tooltip_padding_mobile&quot;:{&quot;unit&quot;:&quot;px&quot;,&quot;top&quot;:&quot;&quot;,&quot;right&quot;:&quot;&quot;,&quot;bottom&quot;:&quot;&quot;,&quot;left&quot;:&quot;&quot;,&quot;isLinked&quot;:true},&quot;element_pack_global_tooltip_border_radius&quot;:{&quot;unit&quot;:&quot;px&quot;,&quot;top&quot;:&quot;&quot;,&quot;right&quot;:&quot;&quot;,&quot;bottom&quot;:&quot;&quot;,&quot;left&quot;:&quot;&quot;,&quot;isLinked&quot;:true},&quot;element_pack_global_tooltip_border_radius_laptop&quot;:{&quot;unit&quot;:&quot;px&quot;,&quot;top&quot;:&quot;&quot;,&quot;right&quot;:&quot;&quot;,&quot;bottom&quot;:&quot;&quot;,&quot;left&quot;:&quot;&quot;,&quot;isLinked&quot;:true},&quot;element_pack_global_tooltip_border_radius_tablet&quot;:{&quot;unit&quot;:&quot;px&quot;,&quot;top&quot;:&quot;&quot;,&quot;right&quot;:&quot;&quot;,&quot;bottom&quot;:&quot;&quot;,&quot;left&quot;:&quot;&quot;,&quot;isLinked&quot;:true},&quot;element_pack_global_tooltip_border_radius_mobile&quot;:{&quot;unit&quot;:&quot;px&quot;,&quot;top&quot;:&quot;&quot;,&quot;right&quot;:&quot;&quot;,&quot;bottom&quot;:&quot;&quot;,&quot;left&quot;:&quot;&quot;,&quot;isLinked&quot;:true}}\" data-elementor-post-type=\"page\">\n\t\t\t\t\t\t<section class=\"elementor-section elementor-top-section elementor-element elementor-element-fc75ad5 elementor-section-boxed elementor-section-height-default elementor-section-height-default\" data-id=\"fc75ad5\" data-element_type=\"section\" data-e-type=\"section\">\n\t\t\t\t\t\t<div class=\"elementor-container elementor-column-gap-default\">\n\t\t\t\t\t<div class=\"aux-parallax-section elementor-column elementor-col-100 elementor-top-column elementor-element elementor-element-98d5a9b\" data-id=\"98d5a9b\" data-element_type=\"column\" data-e-type=\"column\">\n\t\t\t<div class=\"elementor-widget-wrap elementor-element-populated\">\n\t\t\t\t\t\t<section class=\"elementor-section elementor-inner-section elementor-element elementor-element-ed44ca6 elementor-section-content-bottom elementor-section-boxed elementor-section-height-default elementor-section-height-default\" data-id=\"ed44ca6\" data-element_type=\"section\" data-e-type=\"section\">\n\t\t\t\t\t\t<div class=\"elementor-container elementor-column-gap-default\">\n\t\t\t\t\t<div class=\"aux-parallax-section elementor-column elementor-col-50 elementor-inner-column elementor-element elementor-element-566f0e0 aux-appear-watch-animation aux-fade-in-right-2\" data-id=\"566f0e0\" data-element_type=\"column\" data-e-type=\"column\">\n\t\t\t<div class=\"elementor-widget-wrap elementor-element-populated\">\n\t\t\t\t\t\t<div class=\"elementor-element elementor-element-22f4b85 elementor-invisible elementor-widget elementor-widget-aux_modern_heading\" data-id=\"22f4b85\" data-element_type=\"widget\" data-e-type=\"widget\" data-settings=\"{&quot;_animation&quot;:&quot;fadeInLeft&quot;}\" data-widget_type=\"aux_modern_heading.default\">\n\t\t\t\t\t<section class=\"aux-widget-modern-heading\">\n            <div class=\"aux-widget-inner\"><h6 class=\"aux-modern-heading-primary\"><\/h6><h3 class=\"aux-modern-heading-secondary\"><span class=\"aux-head-before\">Tedavi ve<br><\/span><span class=\"aux-head-highlight\">Maliyet Plan\u0131<\/span><\/h3><\/div>\n        <\/section>\t\t\t\t<\/div>\n\t\t\t\t<div class=\"elementor-element elementor-element-8079fe8 elementor-widget-divider--view-line elementor-widget elementor-widget-divider\" data-id=\"8079fe8\" data-element_type=\"widget\" data-e-type=\"widget\" data-widget_type=\"divider.default\">\n\t\t\t\t\t\t\t<div class=\"elementor-divider\">\n\t\t\t<span class=\"elementor-divider-separator\">\n\t\t\t\t\t\t<\/span>\n\t\t<\/div>\n\t\t\t\t\t\t<\/div>\n\t\t\t\t\t<\/div>\n\t\t<\/div>\n\t\t\t\t<div class=\"aux-parallax-section elementor-column elementor-col-50 elementor-inner-column elementor-element elementor-element-d503186 aux-appear-watch-animation aux-fade-in-right-2\" data-id=\"d503186\" data-element_type=\"column\" data-e-type=\"column\">\n\t\t\t<div class=\"elementor-widget-wrap elementor-element-populated\">\n\t\t\t\t\t\t<div class=\"elementor-element elementor-element-3645aaa elementor-widget elementor-widget-text-editor\" data-id=\"3645aaa\" data-element_type=\"widget\" data-e-type=\"widget\" data-widget_type=\"text-editor.default\">\n\t\t\t\t\t\t\t\t\t<p>Di\u015fleriniz en de\u011ferli aksesuar\u0131n\u0131z \u2013 G\u00fcl\u00fcmsemenizi geri kazand\u0131r\u0131yoruz<\/p><p>Estetik di\u015f tedavileri ula\u015f\u0131lmas\u0131 zor bir ayr\u0131cal\u0131k de\u011fil, herkes i\u00e7in m\u00fcmk\u00fcn ve gerekli bir ihtiya\u00e7 olu\u015fturuyor. G\u00fcl\u00fcmsemek hi\u00e7bir zaman maddi ko\u015fullara ba\u011fl\u0131 kalm\u0131yor. Protez uygulamalar\u0131n\u0131 her hastan\u0131n ihtiyac\u0131na \u00f6zel olarak planl\u0131yor, hem i\u015flevselli\u011fi hem de estetik g\u00f6r\u00fcn\u00fcm\u00fc bir arada sunuyoruz. Bu ama\u00e7la, uzman laboratuvar\u0131m\u0131zla birlikte deneyimli bir ekip kuruyoruz. Estetikte s\u0131n\u0131r tan\u0131m\u0131yoruz, sizin i\u00e7in en iyi \u00e7\u00f6z\u00fcm\u00fc haz\u0131rl\u0131yoruz.<\/p><p>Sa\u011fl\u0131kl\u0131 ve estetik di\u015fler, her ortamda kendinizi daha iyi hissetmenizi sa\u011fl\u0131yor. Gerek \u00f6zel hayat\u0131n\u0131zda, gerek i\u015f yerinde ya da sosyal \u00e7evrenizde insanlarla s\u00fcrekli etkile\u015fim h\u00e2linde oluyorsunuz. Bu y\u00fczden, hem do\u011fal hem g\u00fcven verici bir g\u00f6r\u00fcn\u00fcm i\u00e7in kaliteli ve estetik bir di\u015f protezi herkesin hakk\u0131 oluyor.<\/p><p>G\u00fcvendi\u011finiz di\u015f hekiminiz olarak, hem t\u0131bbi hem de estetik ve psikolojik a\u00e7\u0131dan g\u00fcl\u00fcmsemenizi olabildi\u011fince do\u011fal h\u00e2liyle size geri kazand\u0131rmay\u0131 \u00f6nemsiyoruz.<\/p><p><strong>Tedavi ve maliyet plan\u0131n\u0131z\u0131 bize \u00fccretsiz olarak faksla ya da termin-kr@zahn-fine.de adresine e-posta yoluyla g\u00f6nderebilirsiniz:<\/strong><br \/><strong>Ayr\u0131ca bize +49 2151 33252 numaradan da ula\u015fabilirsiniz.<\/strong><\/p>\t\t\t\t\t\t\t\t<\/div>\n\t\t\t\t\t<\/div>\n\t\t<\/div>\n\t\t\t\t\t<\/div>\n\t\t<\/section>\n\t\t\t\t\t<\/div>\n\t\t<\/div>\n\t\t\t\t\t<\/div>\n\t\t<\/section>\n\t\t\t\t<section class=\"elementor-section elementor-top-section elementor-element elementor-element-a382caa elementor-section-boxed elementor-section-height-default elementor-section-height-default\" data-id=\"a382caa\" data-element_type=\"section\" data-e-type=\"section\">\n\t\t\t\t\t\t<div class=\"elementor-container elementor-column-gap-default\">\n\t\t\t\t\t<div class=\"aux-parallax-section elementor-column elementor-col-100 elementor-top-column elementor-element elementor-element-a0e39be\" data-id=\"a0e39be\" data-element_type=\"column\" data-e-type=\"column\">\n\t\t\t<div class=\"elementor-widget-wrap elementor-element-populated\">\n\t\t\t\t\t\t<section class=\"elementor-section elementor-inner-section elementor-element elementor-element-a87eff5 elementor-section-content-bottom elementor-section-boxed elementor-section-height-default elementor-section-height-default\" data-id=\"a87eff5\" data-element_type=\"section\" data-e-type=\"section\">\n\t\t\t\t\t\t<div class=\"elementor-container elementor-column-gap-default\">\n\t\t\t\t\t<div class=\"aux-parallax-section elementor-column elementor-col-50 elementor-inner-column elementor-element elementor-element-ec4c403 aux-appear-watch-animation aux-fade-in-right-2\" data-id=\"ec4c403\" data-element_type=\"column\" data-e-type=\"column\">\n\t\t\t<div class=\"elementor-widget-wrap elementor-element-populated\">\n\t\t\t\t\t\t<div class=\"elementor-element elementor-element-bc53079 elementor-invisible elementor-widget elementor-widget-aux_modern_heading\" data-id=\"bc53079\" data-element_type=\"widget\" data-e-type=\"widget\" data-settings=\"{&quot;_animation&quot;:&quot;fadeInLeft&quot;}\" data-widget_type=\"aux_modern_heading.default\">\n\t\t\t\t\t<section class=\"aux-widget-modern-heading\">\n            <div class=\"aux-widget-inner\"><h6 class=\"aux-modern-heading-primary\"><\/h6><h3 class=\"aux-modern-heading-secondary\"><span class=\"aux-head-before\">Finansman<\/span><\/h3><\/div>\n        <\/section>\t\t\t\t<\/div>\n\t\t\t\t<div class=\"elementor-element elementor-element-a89685f elementor-widget-divider--view-line elementor-widget elementor-widget-divider\" data-id=\"a89685f\" data-element_type=\"widget\" data-e-type=\"widget\" data-widget_type=\"divider.default\">\n\t\t\t\t\t\t\t<div class=\"elementor-divider\">\n\t\t\t<span class=\"elementor-divider-separator\">\n\t\t\t\t\t\t<\/span>\n\t\t<\/div>\n\t\t\t\t\t\t<\/div>\n\t\t\t\t\t<\/div>\n\t\t<\/div>\n\t\t\t\t<div class=\"aux-parallax-section elementor-column elementor-col-50 elementor-inner-column elementor-element elementor-element-91c2a90 aux-appear-watch-animation aux-fade-in-right-2\" data-id=\"91c2a90\" data-element_type=\"column\" data-e-type=\"column\">\n\t\t\t<div class=\"elementor-widget-wrap elementor-element-populated\">\n\t\t\t\t\t\t<div class=\"elementor-element elementor-element-9153f35 elementor-widget elementor-widget-text-editor\" data-id=\"9153f35\" data-element_type=\"widget\" data-e-type=\"widget\" data-widget_type=\"text-editor.default\">\n\t\t\t\t\t\t\t\t\t<p>Sizi yeniden g\u00fcl\u00fcmsetiyoruz!<\/p>\n<p>Di\u015fleriniz sizi en g\u00fczel tamamlayan aksesuar\u0131n\u0131z.<\/p>\n<p>G\u00fcl\u00fcmsemeniz maddi durumunuza ba\u011fl\u0131 kalmadan korunuyor. T\u0131bbi ve estetik-psikolojik a\u00e7\u0131dan, di\u015flerinizi olabildi\u011fince do\u011fal h\u00e2liyle geri kazand\u0131rmam\u0131z gerekiyor. Bu s\u00fcre\u00e7te yaln\u0131zca di\u015f hekimli\u011fi alan\u0131nda uzmanla\u015fm\u0131\u015f g\u00fc\u00e7l\u00fc finansman ortaklar\u0131m\u0131zla birlikte \u00e7al\u0131\u015f\u0131yoruz. B\u00f6ylece size \u00f6zel, g\u00fcvenilir \u00f6deme \u00e7\u00f6z\u00fcmleri sunabiliyoruz.<\/p>\n<p>B\u00fct\u00e7enize en uygun plan\u0131 sunabilmek i\u00e7in, ayl\u0131k taksitlerinizi esnek bir \u015fekilde belirleyebiliyorsunuz. 12 aya kadar faizsiz \u00f6deme se\u00e7enekleri ve 48 aya kadar uygun faizli planlar ile size konforlu bir finansman imk\u00e2n\u0131 sunuyoruz.<\/p>\n<p><strong>En iyi \u00f6deme plan\u0131n\u0131 birlikte olu\u015fturmak i\u00e7in bizimle ileti\u015fime ge\u00e7ebilirsiniz.<\/strong><\/p>\n\t\t\t\t\t\t\t\t<\/div>\n\t\t\t\t\t<\/div>\n\t\t<\/div>\n\t\t\t\t\t<\/div>\n\t\t<\/section>\n\t\t\t\t\t<\/div>\n\t\t<\/div>\n\t\t\t\t\t<\/div>\n\t\t<\/section>\n\t\t\t\t<section class=\"elementor-section elementor-top-section elementor-element elementor-element-91f4efc elementor-section-boxed elementor-section-height-default elementor-section-height-default\" data-id=\"91f4efc\" data-element_type=\"section\" data-e-type=\"section\">\n\t\t\t\t\t\t<div class=\"elementor-container elementor-column-gap-default\">\n\t\t\t\t\t<div class=\"aux-parallax-section elementor-column elementor-col-100 elementor-top-column elementor-element elementor-element-d2e27e5\" data-id=\"d2e27e5\" data-element_type=\"column\" data-e-type=\"column\">\n\t\t\t<div class=\"elementor-widget-wrap\">\n\t\t\t\t\t\t\t<\/div>\n\t\t<\/div>\n\t\t\t\t\t<\/div>\n\t\t<\/section>\n\t\t\t\t<\/div>\n\t\t","protected":false},"excerpt":{"rendered":"<p>Tedavi veMaliyet Plan\u0131 Di\u015fleriniz en de\u011ferli aksesuar\u0131n\u0131z \u2013 G\u00fcl\u00fcmsemenizi geri kazand\u0131r\u0131yoruz Estetik di\u015f tedavileri ula\u015f\u0131lmas\u0131 zor bir ayr\u0131cal\u0131k de\u011fil, herkes i\u00e7in m\u00fcmk\u00fcn ve gerekli bir ihtiya\u00e7 olu\u015fturuyor. G\u00fcl\u00fcmsemek hi\u00e7bir zaman maddi ko\u015fullara ba\u011fl\u0131 kalm\u0131yor. Protez uygulamalar\u0131n\u0131 her hastan\u0131n ihtiyac\u0131na \u00f6zel olarak planl\u0131yor, hem i\u015flevselli\u011fi hem de estetik g\u00f6r\u00fcn\u00fcm\u00fc bir arada sunuyoruz. Bu ama\u00e7la, uzman laboratuvar\u0131m\u0131zla [&hellip;]<\/p>\n","protected":false},"author":1,"featured_media":0,"parent":0,"menu_order":0,"comment_status":"closed","ping_status":"closed","template":"","meta":{"footnotes":""},"class_list":["post-1655","page","type-page","status-publish","hentry"],"_links":{"self":[{"href":"https:\/\/www.zahn-fine-krefeld.de\/tr\/wp-json\/wp\/v2\/pages\/1655","targetHints":{"allow":["GET"]}}],"collection":[{"href":"https:\/\/www.zahn-fine-krefeld.de\/tr\/wp-json\/wp\/v2\/pages"}],"about":[{"href":"https:\/\/www.zahn-fine-krefeld.de\/tr\/wp-json\/wp\/v2\/types\/page"}],"author":[{"embeddable":true,"href":"https:\/\/www.zahn-fine-krefeld.de\/tr\/wp-json\/wp\/v2\/users\/1"}],"replies":[{"embeddable":true,"href":"https:\/\/www.zahn-fine-krefeld.de\/tr\/wp-json\/wp\/v2\/comments?post=1655"}],"version-history":[{"count":13,"href":"https:\/\/www.zahn-fine-krefeld.de\/tr\/wp-json\/wp\/v2\/pages\/1655\/revisions"}],"predecessor-version":[{"id":3023,"href":"https:\/\/www.zahn-fine-krefeld.de\/tr\/wp-json\/wp\/v2\/pages\/1655\/revisions\/3023"}],"wp:attachment":[{"href":"https:\/\/www.zahn-fine-krefeld.de\/tr\/wp-json\/wp\/v2\/media?parent=1655"}],"curies":[{"name":"wp","href":"https:\/\/api.w.org\/{rel}","templated":true}]}}