{"id":2940,"date":"2026-01-16T13:00:52","date_gmt":"2026-01-16T12:00:52","guid":{"rendered":"https:\/\/www.zahn-fine-krefeld.de\/praxis-krefeld-tr\/"},"modified":"2026-01-18T10:24:04","modified_gmt":"2026-01-18T09:24:04","slug":"praxis-krefeld-tr","status":"publish","type":"page","link":"https:\/\/www.zahn-fine-krefeld.de\/tr\/praxis-krefeld-tr\/","title":{"rendered":"Praxis Krefeld TR"},"content":{"rendered":"\t\t<div data-elementor-type=\"wp-post\" data-elementor-id=\"2940\" class=\"elementor elementor-2940 elementor-2872\" data-elementor-settings=\"{&quot;element_pack_global_tooltip_width&quot;:{&quot;unit&quot;:&quot;px&quot;,&quot;size&quot;:&quot;&quot;,&quot;sizes&quot;:[]},&quot;element_pack_global_tooltip_width_laptop&quot;:{&quot;unit&quot;:&quot;px&quot;,&quot;size&quot;:&quot;&quot;,&quot;sizes&quot;:[]},&quot;element_pack_global_tooltip_width_tablet&quot;:{&quot;unit&quot;:&quot;px&quot;,&quot;size&quot;:&quot;&quot;,&quot;sizes&quot;:[]},&quot;element_pack_global_tooltip_width_mobile&quot;:{&quot;unit&quot;:&quot;px&quot;,&quot;size&quot;:&quot;&quot;,&quot;sizes&quot;:[]},&quot;element_pack_global_tooltip_padding&quot;:{&quot;unit&quot;:&quot;px&quot;,&quot;top&quot;:&quot;&quot;,&quot;right&quot;:&quot;&quot;,&quot;bottom&quot;:&quot;&quot;,&quot;left&quot;:&quot;&quot;,&quot;isLinked&quot;:true},&quot;element_pack_global_tooltip_padding_laptop&quot;:{&quot;unit&quot;:&quot;px&quot;,&quot;top&quot;:&quot;&quot;,&quot;right&quot;:&quot;&quot;,&quot;bottom&quot;:&quot;&quot;,&quot;left&quot;:&quot;&quot;,&quot;isLinked&quot;:true},&quot;element_pack_global_tooltip_padding_tablet&quot;:{&quot;unit&quot;:&quot;px&quot;,&quot;top&quot;:&quot;&quot;,&quot;right&quot;:&quot;&quot;,&quot;bottom&quot;:&quot;&quot;,&quot;left&quot;:&quot;&quot;,&quot;isLinked&quot;:true},&quot;element_pack_global_tooltip_padding_mobile&quot;:{&quot;unit&quot;:&quot;px&quot;,&quot;top&quot;:&quot;&quot;,&quot;right&quot;:&quot;&quot;,&quot;bottom&quot;:&quot;&quot;,&quot;left&quot;:&quot;&quot;,&quot;isLinked&quot;:true},&quot;element_pack_global_tooltip_border_radius&quot;:{&quot;unit&quot;:&quot;px&quot;,&quot;top&quot;:&quot;&quot;,&quot;right&quot;:&quot;&quot;,&quot;bottom&quot;:&quot;&quot;,&quot;left&quot;:&quot;&quot;,&quot;isLinked&quot;:true},&quot;element_pack_global_tooltip_border_radius_laptop&quot;:{&quot;unit&quot;:&quot;px&quot;,&quot;top&quot;:&quot;&quot;,&quot;right&quot;:&quot;&quot;,&quot;bottom&quot;:&quot;&quot;,&quot;left&quot;:&quot;&quot;,&quot;isLinked&quot;:true},&quot;element_pack_global_tooltip_border_radius_tablet&quot;:{&quot;unit&quot;:&quot;px&quot;,&quot;top&quot;:&quot;&quot;,&quot;right&quot;:&quot;&quot;,&quot;bottom&quot;:&quot;&quot;,&quot;left&quot;:&quot;&quot;,&quot;isLinked&quot;:true},&quot;element_pack_global_tooltip_border_radius_mobile&quot;:{&quot;unit&quot;:&quot;px&quot;,&quot;top&quot;:&quot;&quot;,&quot;right&quot;:&quot;&quot;,&quot;bottom&quot;:&quot;&quot;,&quot;left&quot;:&quot;&quot;,&quot;isLinked&quot;:true}}\" data-elementor-post-type=\"page\">\n\t\t\t\t\t\t<section class=\"elementor-section elementor-top-section elementor-element elementor-element-89528fe elementor-section-content-middle elementor-reverse-mobile elementor-section-boxed elementor-section-height-default elementor-section-height-default\" data-id=\"89528fe\" data-element_type=\"section\" data-e-type=\"section\">\n\t\t\t\t\t\t<div class=\"elementor-container elementor-column-gap-default\">\n\t\t\t\t\t<div class=\"aux-parallax-section elementor-column elementor-col-50 elementor-top-column elementor-element elementor-element-64c846d\" data-id=\"64c846d\" data-element_type=\"column\" data-e-type=\"column\">\n\t\t\t<div class=\"elementor-widget-wrap elementor-element-populated\">\n\t\t\t\t\t\t<div class=\"elementor-element elementor-element-94bb3e7 elementor-invisible elementor-widget elementor-widget-aux_modern_heading\" data-id=\"94bb3e7\" data-element_type=\"widget\" data-e-type=\"widget\" data-settings=\"{&quot;_animation&quot;:&quot;fadeInLeft&quot;}\" data-widget_type=\"aux_modern_heading.default\">\n\t\t\t\t\t<section class=\"aux-widget-modern-heading\">\n            <div class=\"aux-widget-inner\"><h2 class=\"aux-modern-heading-primary\"><\/h2><h3 class=\"aux-modern-heading-secondary\"><span class=\"aux-head-before\">ZahnFine<\/span><\/h3><\/div>\n        <\/section>\t\t\t\t<\/div>\n\t\t\t\t<div class=\"elementor-element elementor-element-d20feec elementor-invisible elementor-widget elementor-widget-aux_modern_heading\" data-id=\"d20feec\" data-element_type=\"widget\" data-e-type=\"widget\" data-settings=\"{&quot;_animation&quot;:&quot;fadeInLeft&quot;}\" data-widget_type=\"aux_modern_heading.default\">\n\t\t\t\t\t<section class=\"aux-widget-modern-heading\">\n            <div class=\"aux-widget-inner\"><h2 class=\"aux-modern-heading-primary\"><\/h2><h3 class=\"aux-modern-heading-secondary\"><span class=\"aux-head-before\">Di\u015f muayenehanesi&nbsp;<\/span><span class=\"aux-head-highlight\">Krefeld<\/span><\/h3><\/div>\n        <\/section>\t\t\t\t<\/div>\n\t\t\t\t<div class=\"elementor-element elementor-element-8f101a8 elementor-widget-divider--view-line elementor-invisible elementor-widget elementor-widget-divider\" data-id=\"8f101a8\" data-element_type=\"widget\" data-e-type=\"widget\" data-settings=\"{&quot;_animation&quot;:&quot;fadeInLeft&quot;}\" data-widget_type=\"divider.default\">\n\t\t\t\t\t\t\t<div class=\"elementor-divider\">\n\t\t\t<span class=\"elementor-divider-separator\">\n\t\t\t\t\t\t<\/span>\n\t\t<\/div>\n\t\t\t\t\t\t<\/div>\n\t\t\t\t<div class=\"elementor-element elementor-element-3d01efb aux-appear-watch-animation aux-fade-in-up elementor-widget elementor-widget-text-editor\" data-id=\"3d01efb\" data-element_type=\"widget\" data-e-type=\"widget\" data-widget_type=\"text-editor.default\">\n\t\t\t\t\t\t\t\t\t<p>Krefeld\u2019deki Di\u015f Hekiminiz<\/p>\n<p>Krefeld\u2019in merkezinde yer alan di\u015f hekimli\u011fi klini\u011fimize ho\u015f geldiniz! Ostwall 57 adresindeki klini\u011fimizde, modern, ki\u015fisel ve g\u00fcvene dayal\u0131 bir yakla\u015f\u0131mla, y\u00fcksek mesleki standartlarda kapsaml\u0131 di\u015f hekimli\u011fi hizmetleri sunuyoruz.<br \/>Dr. (IR) Rashidi, uzun y\u0131llara dayanan tecr\u00fcbesiyle tedavilere aktif olarak devam etmektedir. Klini\u011fimizde yaln\u0131zca isim de\u011fi\u015fmi\u015ftir; de\u011ferlerimiz, ekibimiz ve kaliteli hizmet anlay\u0131\u015f\u0131m\u0131z ayn\u0131 \u015fekilde s\u00fcrmektedir.<br \/>Deneyimli ve g\u00fcler y\u00fczl\u00fc ekibimizle, her hastam\u0131za yeterli zaman\u0131 ay\u0131r\u0131yor; hem profesyonel hem de anlay\u0131\u015fl\u0131 bir tedavi s\u00fcreci sunuyoruz.<br \/>Modern bir a\u011f\u0131z ve di\u015f sa\u011fl\u0131\u011f\u0131 merkezi olarak, di\u015f hekimlerimiz farkl\u0131 alanlarda birlikte \u00e7al\u0131\u015farak t\u00fcm tedavi ihtiya\u00e7lar\u0131n\u0131z\u0131 tek bir \u00e7at\u0131 alt\u0131nda, b\u00fct\u00fcnc\u00fcl bir yakla\u015f\u0131mla kar\u015f\u0131lamay\u0131 hedefler.<br \/>\u00c7ocuk hastalar klini\u011fimizde her zaman memnuniyetle kar\u015f\u0131lan\u0131r. Ayr\u0131ca di\u015f hekimi korkusu ya\u015fayan veya kayg\u0131 duyan hastalar\u0131m\u0131z i\u00e7in de \u00f6zel ve hassas tedavi y\u00f6ntemleri sunuyoruz.<br \/>K\u0131sa mesafeler, modern di\u015f hekimli\u011fi ve bireysel ilgiyle; Krefeld\u2019de Ostwall 57 adresindeki di\u015f klini\u011fimizde sizi a\u011f\u0131rlamaktan mutluluk duyar\u0131z.<br \/>Sizi klini\u011fimizde tan\u0131may\u0131 sab\u0131rs\u0131zl\u0131kla bekliyoruz.<\/p>\n\t\t\t\t\t\t\t\t<\/div>\n\t\t\t\t\t<\/div>\n\t\t<\/div>\n\t\t\t\t<div class=\"aux-parallax-section elementor-column elementor-col-50 elementor-top-column elementor-element elementor-element-f7825a0 aux-appear-watch-animation aux-mask-from-left\" data-id=\"f7825a0\" data-element_type=\"column\" data-e-type=\"column\">\n\t\t\t<div class=\"elementor-widget-wrap elementor-element-populated\">\n\t\t\t\t\t\t<div class=\"elementor-element elementor-element-3574bdc elementor-widget elementor-widget-aux_image\" data-id=\"3574bdc\" data-element_type=\"widget\" data-e-type=\"widget\" data-widget_type=\"aux_image.default\">\n\t\t\t\t\t<section class=\"widget-container aux-widget-image aux-alignnone aux-parent-au664f760f\">\n    <div class=\"aux-media-hint-frame \">\n        <div class=\"aux-media-image \" >\n        \n            \n\n            \n            <img fetchpriority=\"high\" decoding=\"async\" width=\"858\" height=\"632\" src=\"data:image\/gif;base64,R0lGODlhAQABAIAAAAAAAP\/\/\/yH5BAEAAAAALAAAAAABAAEAAAIBRAA7\" class=\"aux-attachment aux-featured-image aux-attachment-id-2892 aux-preload aux-blank\" alt=\"zahn-fine-krefeld-zahnarzt-rashidi-2\" data-ratio=\"1.36\" data-original-w=\"1500\" sizes=\"auto\" data-srcset=\"https:\/\/www.zahn-fine-krefeld.de\/wp-content\/uploads\/2026\/01\/zahn-fine-krefeld-zahnarzt-rashidi-2-150x110.jpg 150w,https:\/\/www.zahn-fine-krefeld.de\/wp-content\/uploads\/2026\/01\/zahn-fine-krefeld-zahnarzt-rashidi-2-300x221.jpg 300w,https:\/\/www.zahn-fine-krefeld.de\/wp-content\/uploads\/2026\/01\/zahn-fine-krefeld-zahnarzt-rashidi-2-768x566.jpg 768w,https:\/\/www.zahn-fine-krefeld.de\/wp-content\/uploads\/2026\/01\/zahn-fine-krefeld-zahnarzt-rashidi-2-1024x754.jpg 1024w,https:\/\/www.zahn-fine-krefeld.de\/wp-content\/uploads\/2026\/01\/zahn-fine-krefeld-zahnarzt-rashidi-2-858x632.jpg 858w\" data-src=\"https:\/\/www.zahn-fine-krefeld.de\/wp-content\/uploads\/2026\/01\/zahn-fine-krefeld-zahnarzt-rashidi-2-858x632.jpg\" \/>            \n                <\/div>\n    <\/div>\n\n<\/section><!-- widget-container -->\t\t\t\t<\/div>\n\t\t\t\t\t<\/div>\n\t\t<\/div>\n\t\t\t\t\t<\/div>\n\t\t<\/section>\n\t\t\t\t<section class=\"elementor-section elementor-top-section elementor-element elementor-element-23f9149 elementor-section-boxed elementor-section-height-default elementor-section-height-default\" data-id=\"23f9149\" data-element_type=\"section\" data-e-type=\"section\">\n\t\t\t\t\t\t<div class=\"elementor-container elementor-column-gap-default\">\n\t\t\t\t\t<div class=\"aux-parallax-section elementor-column elementor-col-100 elementor-top-column elementor-element elementor-element-12d4aa0\" data-id=\"12d4aa0\" data-element_type=\"column\" data-e-type=\"column\">\n\t\t\t<div class=\"elementor-widget-wrap elementor-element-populated\">\n\t\t\t\t\t\t<div class=\"elementor-element elementor-element-c35341e aux-appear-watch-animation aux-fade-in-up elementor-widget elementor-widget-aux_modern_heading\" data-id=\"c35341e\" data-element_type=\"widget\" data-e-type=\"widget\" data-widget_type=\"aux_modern_heading.default\">\n\t\t\t\t\t<section class=\"aux-widget-modern-heading\">\n            <div class=\"aux-widget-inner\"><h5 class=\"aux-modern-heading-primary\"><\/h5><h3 class=\"aux-modern-heading-secondary\"><span class=\"aux-head-before\">Krefeld<\/span><\/h3><\/div>\n        <\/section>\t\t\t\t<\/div>\n\t\t\t\t<div class=\"elementor-element elementor-element-b519cec aux-appear-watch-animation aux-fade-in-up elementor-widget elementor-widget-aux_modern_heading\" data-id=\"b519cec\" data-element_type=\"widget\" data-e-type=\"widget\" data-widget_type=\"aux_modern_heading.default\">\n\t\t\t\t\t<section class=\"aux-widget-modern-heading\">\n            <div class=\"aux-widget-inner\"><h6 class=\"aux-modern-heading-primary\"><\/h6><h3 class=\"aux-modern-heading-secondary\"><span class=\"aux-head-highlight\">Ekibimiz<\/span><\/h3><\/div>\n        <\/section>\t\t\t\t<\/div>\n\t\t\t\t\t<\/div>\n\t\t<\/div>\n\t\t\t\t\t<\/div>\n\t\t<\/section>\n\t\t\t\t<section class=\"elementor-section elementor-top-section elementor-element elementor-element-eb54e86 elementor-section-boxed elementor-section-height-default elementor-section-height-default\" data-id=\"eb54e86\" data-element_type=\"section\" data-e-type=\"section\">\n\t\t\t\t\t\t<div class=\"elementor-container elementor-column-gap-default\">\n\t\t\t\t\t<div class=\"aux-parallax-section elementor-column elementor-col-33 elementor-top-column elementor-element elementor-element-32e25ae\" data-id=\"32e25ae\" data-element_type=\"column\" data-e-type=\"column\">\n\t\t\t<div class=\"elementor-widget-wrap elementor-element-populated\">\n\t\t\t\t\t\t<div class=\"elementor-element elementor-element-acc1b1a elementor-widget elementor-widget-bdt-member\" data-id=\"acc1b1a\" data-element_type=\"widget\" data-e-type=\"widget\" data-widget_type=\"bdt-member.default\">\n\t\t\t\t\t\n\t\t<div class=\"bdt-member skin-default bdt-transition-toggle\">\n\t\t\t\n\t\t\t\t<div class=\"bdt-member-photo-wrapper\">\n\n\t\t\t\t\t\n\t\t\t\t\t\t<div class=\"bdt-member-photo\">\n\t\t\t\t\t\t\t<div class=\"\">\n\n\t\t\t\t\t\t\t\t<img decoding=\"async\" width=\"900\" height=\"600\" src=\"https:\/\/www.zahn-fine-krefeld.de\/wp-content\/uploads\/2025\/05\/zahn-fine-gelsenkirchen-dr-rashidi-1.jpg\" class=\"attachment- size-\" alt=\"Dr. med. dent. Masoud Rashidi\" srcset=\"https:\/\/www.zahn-fine-krefeld.de\/wp-content\/uploads\/2025\/05\/zahn-fine-gelsenkirchen-dr-rashidi-1.jpg 900w, https:\/\/www.zahn-fine-krefeld.de\/wp-content\/uploads\/2025\/05\/zahn-fine-gelsenkirchen-dr-rashidi-1-200x133.jpg 200w\" sizes=\"(max-width: 900px) 100vw, 900px\" \/>\n\t\t\t\t\t\t\t<\/div>\n\t\t\t\t\t\t<\/div>\n\n\t\t\t\t\t\t\n\t\t\t\t<\/div>\n\t\t\t\n\t\t\t<div class=\"bdt-member-content\">\n\t\t\t\t\t\t\t\t\t<span class=\"bdt-member-name\">\n\t\t\t\t\t\tDr. med. dent. Masoud Rashidi\t\t\t\t\t<\/span>\n\t\t\t\t\t\t\t\t\t\t\t\t\t<span class=\"bdt-member-role\">\n\t\t\t\t\t\tDi\u015f Hekimi\t\t\t\t\t<\/span>\n\t\t\t\t\t\t\t\t\t\t\t<\/div>\n\n\t\t\t\n\t\t<\/div>\n\t\t\t\t\t\t<\/div>\n\t\t\t\t\t<\/div>\n\t\t<\/div>\n\t\t\t\t<div class=\"aux-parallax-section elementor-column elementor-col-33 elementor-top-column elementor-element elementor-element-37f32c5\" data-id=\"37f32c5\" data-element_type=\"column\" data-e-type=\"column\">\n\t\t\t<div class=\"elementor-widget-wrap elementor-element-populated\">\n\t\t\t\t\t\t<div class=\"elementor-element elementor-element-2c5c882 elementor-widget elementor-widget-bdt-member\" data-id=\"2c5c882\" data-element_type=\"widget\" data-e-type=\"widget\" data-widget_type=\"bdt-member.default\">\n\t\t\t\t\t\n\t\t<div class=\"bdt-member skin-default bdt-transition-toggle\">\n\t\t\t\n\t\t\t\t<div class=\"bdt-member-photo-wrapper\">\n\n\t\t\t\t\t\n\t\t\t\t\t\t<div class=\"bdt-member-photo\">\n\t\t\t\t\t\t\t<div class=\"\">\n\n\t\t\t\t\t\t\t\t<img decoding=\"async\" width=\"900\" height=\"601\" src=\"https:\/\/www.zahn-fine-krefeld.de\/wp-content\/uploads\/2026\/01\/dummy-team2.jpg\" class=\"attachment- size-\" alt=\"Dr. (IR) Farid Rashidi\" srcset=\"https:\/\/www.zahn-fine-krefeld.de\/wp-content\/uploads\/2026\/01\/dummy-team2.jpg 900w, https:\/\/www.zahn-fine-krefeld.de\/wp-content\/uploads\/2026\/01\/dummy-team2-200x134.jpg 200w\" sizes=\"(max-width: 900px) 100vw, 900px\" \/>\n\t\t\t\t\t\t\t<\/div>\n\t\t\t\t\t\t<\/div>\n\n\t\t\t\t\t\t\n\t\t\t\t<\/div>\n\t\t\t\n\t\t\t<div class=\"bdt-member-content\">\n\t\t\t\t\t\t\t\t\t<span class=\"bdt-member-name\">\n\t\t\t\t\t\tDr. (IR) Farid Rashidi\t\t\t\t\t<\/span>\n\t\t\t\t\t\t\t\t\t\t\t\t\t<span class=\"bdt-member-role\">\n\t\t\t\t\t\tDi\u015f Hekimi\t\t\t\t\t<\/span>\n\t\t\t\t\t\t\t\t\t\t\t<\/div>\n\n\t\t\t\n\t\t<\/div>\n\t\t\t\t\t\t<\/div>\n\t\t\t\t\t<\/div>\n\t\t<\/div>\n\t\t\t\t<div class=\"aux-parallax-section elementor-column elementor-col-33 elementor-top-column elementor-element elementor-element-4b4f32a\" data-id=\"4b4f32a\" data-element_type=\"column\" data-e-type=\"column\">\n\t\t\t<div class=\"elementor-widget-wrap elementor-element-populated\">\n\t\t\t\t\t\t<div class=\"elementor-element elementor-element-200abc7 elementor-widget elementor-widget-bdt-member\" data-id=\"200abc7\" data-element_type=\"widget\" data-e-type=\"widget\" data-widget_type=\"bdt-member.default\">\n\t\t\t\t\t\n\t\t<div class=\"bdt-member skin-default bdt-transition-toggle\">\n\t\t\t\n\t\t\t\t<div class=\"bdt-member-photo-wrapper\">\n\n\t\t\t\t\t\n\t\t\t\t\t\t<div class=\"bdt-member-photo\">\n\t\t\t\t\t\t\t<div class=\"\">\n\n\t\t\t\t\t\t\t\t<img loading=\"lazy\" decoding=\"async\" width=\"900\" height=\"601\" src=\"https:\/\/www.zahn-fine-krefeld.de\/wp-content\/uploads\/2026\/01\/dummy-team2.jpg\" class=\"attachment- size-\" alt=\"Rafi Rafiei\" srcset=\"https:\/\/www.zahn-fine-krefeld.de\/wp-content\/uploads\/2026\/01\/dummy-team2.jpg 900w, https:\/\/www.zahn-fine-krefeld.de\/wp-content\/uploads\/2026\/01\/dummy-team2-200x134.jpg 200w\" sizes=\"(max-width: 900px) 100vw, 900px\" \/>\n\t\t\t\t\t\t\t<\/div>\n\t\t\t\t\t\t<\/div>\n\n\t\t\t\t\t\t\n\t\t\t\t<\/div>\n\t\t\t\n\t\t\t<div class=\"bdt-member-content\">\n\t\t\t\t\t\t\t\t\t<span class=\"bdt-member-name\">\n\t\t\t\t\t\tRafi Rafiei\t\t\t\t\t<\/span>\n\t\t\t\t\t\t\t\t\t\t\t\t\t<span class=\"bdt-member-role\">\n\t\t\t\t\t\tDi\u015f Hekimi\t\t\t\t\t<\/span>\n\t\t\t\t\t\t\t\t\t\t\t<\/div>\n\n\t\t\t\n\t\t<\/div>\n\t\t\t\t\t\t<\/div>\n\t\t\t\t\t<\/div>\n\t\t<\/div>\n\t\t\t\t\t<\/div>\n\t\t<\/section>\n\t\t\t\t<section class=\"elementor-section elementor-top-section elementor-element elementor-element-76e0dce elementor-section-boxed elementor-section-height-default elementor-section-height-default\" data-id=\"76e0dce\" data-element_type=\"section\" data-e-type=\"section\">\n\t\t\t\t\t\t<div class=\"elementor-container elementor-column-gap-default\">\n\t\t\t\t\t<div class=\"aux-parallax-section elementor-column elementor-col-33 elementor-top-column elementor-element elementor-element-eb73c60\" data-id=\"eb73c60\" data-element_type=\"column\" data-e-type=\"column\">\n\t\t\t<div class=\"elementor-widget-wrap elementor-element-populated\">\n\t\t\t\t\t\t<div class=\"elementor-element elementor-element-a359315 elementor-widget elementor-widget-bdt-member\" data-id=\"a359315\" data-element_type=\"widget\" data-e-type=\"widget\" data-widget_type=\"bdt-member.default\">\n\t\t\t\t\t\n\t\t<div class=\"bdt-member skin-default bdt-transition-toggle\">\n\t\t\t\n\t\t\t\t<div class=\"bdt-member-photo-wrapper\">\n\n\t\t\t\t\t\n\t\t\t\t\t\t<div class=\"bdt-member-photo\">\n\t\t\t\t\t\t\t<div class=\"\">\n\n\t\t\t\t\t\t\t\t<img loading=\"lazy\" decoding=\"async\" width=\"900\" height=\"601\" src=\"https:\/\/www.zahn-fine-krefeld.de\/wp-content\/uploads\/2026\/01\/dummy-team2.jpg\" class=\"attachment- size-\" alt=\"Imane Horchi\" srcset=\"https:\/\/www.zahn-fine-krefeld.de\/wp-content\/uploads\/2026\/01\/dummy-team2.jpg 900w, https:\/\/www.zahn-fine-krefeld.de\/wp-content\/uploads\/2026\/01\/dummy-team2-200x134.jpg 200w\" sizes=\"(max-width: 900px) 100vw, 900px\" \/>\n\t\t\t\t\t\t\t<\/div>\n\t\t\t\t\t\t<\/div>\n\n\t\t\t\t\t\t\n\t\t\t\t<\/div>\n\t\t\t\n\t\t\t<div class=\"bdt-member-content\">\n\t\t\t\t\t\t\t\t\t<span class=\"bdt-member-name\">\n\t\t\t\t\t\tImane Horchi\t\t\t\t\t<\/span>\n\t\t\t\t\t\t\t\t\t\t\t\t\t<span class=\"bdt-member-role\">\n\t\t\t\t\t\tDi\u015f Hekimi\t\t\t\t\t<\/span>\n\t\t\t\t\t\t\t\t\t\t\t<\/div>\n\n\t\t\t\n\t\t<\/div>\n\t\t\t\t\t\t<\/div>\n\t\t\t\t\t<\/div>\n\t\t<\/div>\n\t\t\t\t<div class=\"aux-parallax-section elementor-column elementor-col-33 elementor-top-column elementor-element elementor-element-c14a4c4\" data-id=\"c14a4c4\" data-element_type=\"column\" data-e-type=\"column\">\n\t\t\t<div class=\"elementor-widget-wrap\">\n\t\t\t\t\t\t\t<\/div>\n\t\t<\/div>\n\t\t\t\t<div class=\"aux-parallax-section elementor-column elementor-col-33 elementor-top-column elementor-element elementor-element-ac37f88\" data-id=\"ac37f88\" data-element_type=\"column\" data-e-type=\"column\">\n\t\t\t<div class=\"elementor-widget-wrap\">\n\t\t\t\t\t\t\t<\/div>\n\t\t<\/div>\n\t\t\t\t\t<\/div>\n\t\t<\/section>\n\t\t\t\t<section class=\"elementor-section elementor-top-section elementor-element elementor-element-585a00c elementor-section-boxed elementor-section-height-default elementor-section-height-default\" data-id=\"585a00c\" data-element_type=\"section\" data-e-type=\"section\" data-settings=\"{&quot;background_background&quot;:&quot;classic&quot;}\">\n\t\t\t\t\t\t\t<div class=\"elementor-background-overlay\"><\/div>\n\t\t\t\t\t\t\t<div class=\"elementor-container elementor-column-gap-default\">\n\t\t\t\t\t<div class=\"aux-parallax-section elementor-column elementor-col-100 elementor-top-column elementor-element elementor-element-b56c0ee\" data-id=\"b56c0ee\" data-element_type=\"column\" data-e-type=\"column\">\n\t\t\t<div class=\"elementor-widget-wrap elementor-element-populated\">\n\t\t\t\t\t\t<div class=\"elementor-element elementor-element-ab1cf2d aux-appear-watch-animation aux-fade-in-up elementor-widget elementor-widget-aux_modern_heading\" data-id=\"ab1cf2d\" data-element_type=\"widget\" data-e-type=\"widget\" data-widget_type=\"aux_modern_heading.default\">\n\t\t\t\t\t<section class=\"aux-widget-modern-heading\">\n            <div class=\"aux-widget-inner\"><h2 class=\"aux-modern-heading-primary\"><\/h2><h3 class=\"aux-modern-heading-secondary\"><span class=\"aux-head-before\">Herhangi bir sorunuz var m\u0131?<\/span><\/h3><\/div>\n        <\/section>\t\t\t\t<\/div>\n\t\t\t\t<div class=\"elementor-element elementor-element-57faf3f elementor-widget elementor-widget-aux_button\" data-id=\"57faf3f\" data-element_type=\"widget\" data-e-type=\"widget\" data-widget_type=\"aux_button.default\">\n\t\t\t\t\t<a  href=\"https:\/\/www.zahn-fine-krefeld.de\/kontakt-krefeld\/\" target=\"_blank\"   class=\"aux-button aux-medium aux-carmine-pink aux-curve aux-none aux-uppercase\" ><span class=\"aux-overlay\"><\/span><span class=\"aux-text\">Krefeld'de bizimle ileti\u015fime ge\u00e7in<\/span><\/a>\t\t\t\t<\/div>\n\t\t\t\t\t<\/div>\n\t\t<\/div>\n\t\t\t\t\t<\/div>\n\t\t<\/section>\n\t\t\t\t<\/div>\n\t\t","protected":false},"excerpt":{"rendered":"<p>ZahnFine Di\u015f muayenehanesi&nbsp;Krefeld Krefeld\u2019deki Di\u015f Hekiminiz Krefeld\u2019in merkezinde yer alan di\u015f hekimli\u011fi klini\u011fimize ho\u015f geldiniz! Ostwall 57 adresindeki klini\u011fimizde, modern, ki\u015fisel ve g\u00fcvene dayal\u0131 bir yakla\u015f\u0131mla, y\u00fcksek mesleki standartlarda kapsaml\u0131 di\u015f hekimli\u011fi hizmetleri sunuyoruz.Dr. (IR) Rashidi, uzun y\u0131llara dayanan tecr\u00fcbesiyle tedavilere aktif olarak devam etmektedir. Klini\u011fimizde yaln\u0131zca isim de\u011fi\u015fmi\u015ftir; de\u011ferlerimiz, ekibimiz ve kaliteli hizmet anlay\u0131\u015f\u0131m\u0131z [&hellip;]<\/p>\n","protected":false},"author":1,"featured_media":0,"parent":0,"menu_order":0,"comment_status":"closed","ping_status":"closed","template":"","meta":{"footnotes":""},"class_list":["post-2940","page","type-page","status-publish","hentry"],"_links":{"self":[{"href":"https:\/\/www.zahn-fine-krefeld.de\/tr\/wp-json\/wp\/v2\/pages\/2940","targetHints":{"allow":["GET"]}}],"collection":[{"href":"https:\/\/www.zahn-fine-krefeld.de\/tr\/wp-json\/wp\/v2\/pages"}],"about":[{"href":"https:\/\/www.zahn-fine-krefeld.de\/tr\/wp-json\/wp\/v2\/types\/page"}],"author":[{"embeddable":true,"href":"https:\/\/www.zahn-fine-krefeld.de\/tr\/wp-json\/wp\/v2\/users\/1"}],"replies":[{"embeddable":true,"href":"https:\/\/www.zahn-fine-krefeld.de\/tr\/wp-json\/wp\/v2\/comments?post=2940"}],"version-history":[{"count":3,"href":"https:\/\/www.zahn-fine-krefeld.de\/tr\/wp-json\/wp\/v2\/pages\/2940\/revisions"}],"predecessor-version":[{"id":2943,"href":"https:\/\/www.zahn-fine-krefeld.de\/tr\/wp-json\/wp\/v2\/pages\/2940\/revisions\/2943"}],"wp:attachment":[{"href":"https:\/\/www.zahn-fine-krefeld.de\/tr\/wp-json\/wp\/v2\/media?parent=2940"}],"curies":[{"name":"wp","href":"https:\/\/api.w.org\/{rel}","templated":true}]}}